{"id":20,"date":"2019-11-18T14:56:49","date_gmt":"2019-11-18T13:56:49","guid":{"rendered":"http:\/\/localhost\/jadeherz\/?page_id=20"},"modified":"2026-04-07T23:47:27","modified_gmt":"2026-04-07T21:47:27","slug":"ueber-uns","status":"publish","type":"page","link":"https:\/\/jadeherzgoldmund.com\/en\/ueber-uns\/","title":{"rendered":"About us"},"content":{"rendered":"","protected":false},"excerpt":{"rendered":"","protected":false},"author":1,"featured_media":0,"parent":0,"menu_order":0,"comment_status":"closed","ping_status":"closed","template":"templates\/uber-uns.php","meta":{"footnotes":""},"class_list":["post-20","page","type-page","status-publish","hentry"],"yoast_head":"<!-- This site is optimized with the Yoast SEO plugin v27.2 - https:\/\/yoast.com\/product\/yoast-seo-wordpress\/ -->\n<title>Unternehmensberatung Leipzig - \u00dcber uns bei Jadeherz &amp; Goldmund<\/title>\n<meta name=\"description\" content=\"Als Gemeinschaft interdisziplin\u00e4rer Experten mit Sitz in Leipzig machen wir uns f\u00fcr einen positiven Kulturwandel dank Unternehmensberatung stark.\" \/>\n<meta name=\"robots\" content=\"index, follow, max-snippet:-1, max-image-preview:large, max-video-preview:-1\" \/>\n<link rel=\"canonical\" href=\"https:\/\/jadeherzgoldmund.com\/ueber-uns\/\" \/>\n<meta property=\"og:locale\" content=\"en_US\" \/>\n<meta property=\"og:type\" content=\"article\" \/>\n<meta property=\"og:title\" content=\"Unternehmensberatung Leipzig - \u00dcber uns bei Jadeherz &amp; Goldmund\" \/>\n<meta property=\"og:description\" content=\"Als Gemeinschaft interdisziplin\u00e4rer Experten mit Sitz in Leipzig machen wir uns f\u00fcr einen positiven Kulturwandel dank Unternehmensberatung stark.\" \/>\n<meta property=\"og:url\" content=\"https:\/\/jadeherzgoldmund.com\/ueber-uns\/\" \/>\n<meta property=\"og:site_name\" content=\"Jadeherz &amp; Goldmund\" \/>\n<meta property=\"article:modified_time\" content=\"2026-04-07T21:47:27+00:00\" \/>\n<meta name=\"twitter:card\" content=\"summary_large_image\" \/>\n<script type=\"application\/ld+json\" class=\"yoast-schema-graph\">{\"@context\":\"https:\/\/schema.org\",\"@graph\":[{\"@type\":\"WebPage\",\"@id\":\"https:\/\/jadeherzgoldmund.com\/ueber-uns\/\",\"url\":\"https:\/\/jadeherzgoldmund.com\/ueber-uns\/\",\"name\":\"Unternehmensberatung Leipzig - \u00dcber uns bei Jadeherz & Goldmund\",\"isPartOf\":{\"@id\":\"https:\/\/jadeherzgoldmund.com\/#website\"},\"datePublished\":\"2019-11-18T13:56:49+00:00\",\"dateModified\":\"2026-04-07T21:47:27+00:00\",\"description\":\"Als Gemeinschaft interdisziplin\u00e4rer Experten mit Sitz in Leipzig machen wir uns f\u00fcr einen positiven Kulturwandel dank Unternehmensberatung stark.\",\"breadcrumb\":{\"@id\":\"https:\/\/jadeherzgoldmund.com\/ueber-uns\/#breadcrumb\"},\"inLanguage\":\"en-US\",\"potentialAction\":[{\"@type\":\"ReadAction\",\"target\":[\"https:\/\/jadeherzgoldmund.com\/ueber-uns\/\"]}]},{\"@type\":\"BreadcrumbList\",\"@id\":\"https:\/\/jadeherzgoldmund.com\/ueber-uns\/#breadcrumb\",\"itemListElement\":[{\"@type\":\"ListItem\",\"position\":1,\"name\":\"Startseite\",\"item\":\"https:\/\/jadeherzgoldmund.com\/\"},{\"@type\":\"ListItem\",\"position\":2,\"name\":\"\u00dcber uns\"}]},{\"@type\":\"WebSite\",\"@id\":\"https:\/\/jadeherzgoldmund.com\/#website\",\"url\":\"https:\/\/jadeherzgoldmund.com\/\",\"name\":\"Jadeherz &amp; Goldmund\",\"description\":\"\",\"potentialAction\":[{\"@type\":\"SearchAction\",\"target\":{\"@type\":\"EntryPoint\",\"urlTemplate\":\"https:\/\/jadeherzgoldmund.com\/?s={search_term_string}\"},\"query-input\":{\"@type\":\"PropertyValueSpecification\",\"valueRequired\":true,\"valueName\":\"search_term_string\"}}],\"inLanguage\":\"en-US\"}]}<\/script>\n<!-- \/ Yoast SEO plugin. -->","yoast_head_json":{"title":"Unternehmensberatung Leipzig - \u00dcber uns bei Jadeherz & Goldmund","description":"Als Gemeinschaft interdisziplin\u00e4rer Experten mit Sitz in Leipzig machen wir uns f\u00fcr einen positiven Kulturwandel dank Unternehmensberatung stark.","robots":{"index":"index","follow":"follow","max-snippet":"max-snippet:-1","max-image-preview":"max-image-preview:large","max-video-preview":"max-video-preview:-1"},"canonical":"https:\/\/jadeherzgoldmund.com\/ueber-uns\/","og_locale":"en_US","og_type":"article","og_title":"Unternehmensberatung Leipzig - \u00dcber uns bei Jadeherz & Goldmund","og_description":"Als Gemeinschaft interdisziplin\u00e4rer Experten mit Sitz in Leipzig machen wir uns f\u00fcr einen positiven Kulturwandel dank Unternehmensberatung stark.","og_url":"https:\/\/jadeherzgoldmund.com\/ueber-uns\/","og_site_name":"Jadeherz &amp; Goldmund","article_modified_time":"2026-04-07T21:47:27+00:00","twitter_card":"summary_large_image","schema":{"@context":"https:\/\/schema.org","@graph":[{"@type":"WebPage","@id":"https:\/\/jadeherzgoldmund.com\/ueber-uns\/","url":"https:\/\/jadeherzgoldmund.com\/ueber-uns\/","name":"Unternehmensberatung Leipzig - \u00dcber uns bei Jadeherz & Goldmund","isPartOf":{"@id":"https:\/\/jadeherzgoldmund.com\/#website"},"datePublished":"2019-11-18T13:56:49+00:00","dateModified":"2026-04-07T21:47:27+00:00","description":"Als Gemeinschaft interdisziplin\u00e4rer Experten mit Sitz in Leipzig machen wir uns f\u00fcr einen positiven Kulturwandel dank Unternehmensberatung stark.","breadcrumb":{"@id":"https:\/\/jadeherzgoldmund.com\/ueber-uns\/#breadcrumb"},"inLanguage":"en-US","potentialAction":[{"@type":"ReadAction","target":["https:\/\/jadeherzgoldmund.com\/ueber-uns\/"]}]},{"@type":"BreadcrumbList","@id":"https:\/\/jadeherzgoldmund.com\/ueber-uns\/#breadcrumb","itemListElement":[{"@type":"ListItem","position":1,"name":"Startseite","item":"https:\/\/jadeherzgoldmund.com\/"},{"@type":"ListItem","position":2,"name":"\u00dcber uns"}]},{"@type":"WebSite","@id":"https:\/\/jadeherzgoldmund.com\/#website","url":"https:\/\/jadeherzgoldmund.com\/","name":"Jadeherz &amp; Goldmund","description":"","potentialAction":[{"@type":"SearchAction","target":{"@type":"EntryPoint","urlTemplate":"https:\/\/jadeherzgoldmund.com\/?s={search_term_string}"},"query-input":{"@type":"PropertyValueSpecification","valueRequired":true,"valueName":"search_term_string"}}],"inLanguage":"en-US"}]}},"_links":{"self":[{"href":"https:\/\/jadeherzgoldmund.com\/en\/wp-json\/wp\/v2\/pages\/20","targetHints":{"allow":["GET"]}}],"collection":[{"href":"https:\/\/jadeherzgoldmund.com\/en\/wp-json\/wp\/v2\/pages"}],"about":[{"href":"https:\/\/jadeherzgoldmund.com\/en\/wp-json\/wp\/v2\/types\/page"}],"author":[{"embeddable":true,"href":"https:\/\/jadeherzgoldmund.com\/en\/wp-json\/wp\/v2\/users\/1"}],"replies":[{"embeddable":true,"href":"https:\/\/jadeherzgoldmund.com\/en\/wp-json\/wp\/v2\/comments?post=20"}],"version-history":[{"count":6,"href":"https:\/\/jadeherzgoldmund.com\/en\/wp-json\/wp\/v2\/pages\/20\/revisions"}],"predecessor-version":[{"id":714,"href":"https:\/\/jadeherzgoldmund.com\/en\/wp-json\/wp\/v2\/pages\/20\/revisions\/714"}],"wp:attachment":[{"href":"https:\/\/jadeherzgoldmund.com\/en\/wp-json\/wp\/v2\/media?parent=20"}],"curies":[{"name":"wp","href":"https:\/\/api.w.org\/{rel}","templated":true}]}}